{"id":886,"date":"1900-01-01T00:00:35","date_gmt":"1900-01-01T00:15:19","guid":{"rendered":"http:\/\/dev.envidiaviajeradelamala.com\/?page_id=886"},"modified":"2026-04-30T09:39:27","modified_gmt":"2026-04-30T07:39:27","slug":"mis-notas","status":"publish","type":"page","link":"https:\/\/envidiaviajeradelamala.com\/en\/mis-notas\/","title":{"rendered":"MY NOTES"},"content":{"rendered":"\t\t<div data-elementor-type=\"wp-page\" data-elementor-id=\"886\" class=\"elementor elementor-886\">\n\t\t\t\t<div class=\"elementor-element elementor-element-b2ce40a e-flex e-con-boxed e-con e-parent\" data-id=\"b2ce40a\" data-element_type=\"container\" data-e-type=\"container\">\n\t\t\t\t\t<div class=\"e-con-inner\">\n\t\t\t\t<div class=\"elementor-element elementor-element-29eb984 elementor-widget elementor-widget-text-editor\" data-id=\"29eb984\" data-element_type=\"widget\" data-e-type=\"widget\" data-widget_type=\"text-editor.default\">\n\t\t\t\t\t\t\t\t\t<p><span style=\"color: #000000;\"><strong>Ajax Search Lite:<\/strong><\/span> El buscador del inicio<br \/><span style=\"font-style: inherit;\"><span style=\"font-weight: inherit;\"><span style=\"color: #000000;\"><strong>Code Snipper (Fragmentos de c\u00f3digo):<\/strong><\/span> Para meter HTML r\u00e1pido, ejemplo el Trivial.<br \/><\/span><\/span><span style=\"color: #000000;\"><b>Duplicator: <\/b><\/span>Para migrar toda mi copia. Mejor que All in One que luego no permite restaurar si no es de pago.<br \/><span style=\"color: #000000;\"><strong>Elementor:<\/strong><\/span> Debe estar<br \/><span style=\"font-style: inherit;\"><span style=\"font-weight: inherit;\"><span style=\"color: #000000;\"><strong>Essencial addons for Elementor:<\/strong> <\/span>tambi\u00e9n debe estar<br \/><\/span><\/span><span style=\"font-style: inherit;\"><span style=\"color: #000000;\"><strong>FluentSMTP: <\/strong><\/span>No borrar, sirve para que funcionen los env\u00edos a mi gmail<br \/><\/span><span style=\"color: #000000;\"><strong style=\"font-style: inherit;\">Forminator:<\/strong><\/span><span style=\"font-style: inherit;\"><span style=\"font-weight: inherit;\"> Encuesta y formulario de contacto<br \/><span style=\"font-style: inherit; font-weight: inherit; color: #000000;\"><strong>Header Footer Builder for Elementor (Turbo H&amp;F Builder): <\/strong><\/span>Encabezado y pie de p\u00e1gina.\u00a0<br \/><span style=\"color: #000000;\"><strong>Jetpack:<\/strong><\/span> Estad\u00edsticas de qui\u00e9n entra<br \/><span style=\"color: #000000;\"><strong>Real Media Library (Free): <\/strong>Para organizar la galer\u00eda<\/span><\/span><\/span><span style=\"font-style: inherit;\"><span style=\"font-weight: inherit;\"><span style=\"color: #000000;\"><strong>Translatepress:<\/strong><\/span> El traductor de p\u00e1ginas. Est\u00e1 en ajustes.<br \/><\/span><\/span><span style=\"color: #000000;\"><strong style=\"font-style: inherit;\">Site Kit: <\/strong>Sirve para las estad\u00edsticas de Google Analytics.<strong style=\"font-style: inherit;\"><br \/>WpDiscuz:<\/strong><\/span><span style=\"font-style: inherit;\"><span style=\"font-weight: inherit;\"> Comentarios en las entradas<br \/><\/span><\/span><span style=\"color: #000000;\"><strong>Men\u00fas del encabezado, los que tienen 3 y se pinchan con el rat\u00f3n:<\/strong> <\/span>se gestiona en apariencia &#8211;&gt; men\u00fas<br \/><strong style=\"font-style: inherit;\"><span style=\"color: #000000;\">Cuadr\u00edcula de entradas, no es un plugin, lo pongo aqu\u00ed para recordar cu\u00e1l es: <\/span><\/strong>\u00daltimas publicaciones<\/p><p><span style=\"text-decoration: underline;\"><em><strong><br \/>CSS:<\/strong><\/em><\/span><\/p><p><!--ScriptorStartFragment--><\/p><div class=\"scriptor-paragraph\"><p><!--ScriptorStartFragment--><\/p><div class=\"scriptor-paragraph\"><p><!--ScriptorStartFragment--><\/p><div class=\"scriptor-paragraph\"><p><!--ScriptorStartFragment--><\/p><div class=\"scriptor-paragraph\"><p><!--ScriptorStartFragment--><\/p><div class=\"scriptor-paragraph\"><p><!--ScriptorStartFragment--><\/p><div class=\"scriptor-paragraph\"><p><!--ScriptorStartFragment--><\/p><div class=\"scriptor-paragraph\"><p><!--ScriptorStartFragment--><\/p><div class=\"scriptor-paragraph\"><p><!--ScriptorStartFragment--><\/p><div class=\"scriptor-paragraph\"><p>\/* =========================<br \/>ACORDE\u00d3N<br \/>========================= *\/<\/p><p>.elementor-accordion .elementor-tab-title{<br \/>font-size:22px!important;<br \/>font-weight:700!important;<br \/>text-align:center!important;<br \/>justify-content:center!important;<br \/>}<\/p><p>\/* =========================<br \/>TRANSLATEPRESS<br \/>========================= *\/<\/p><p>.trp-language-switcher div{<br \/>padding:4px 8px!important;<br \/>border-radius:8px!important;<br \/>}<br \/>.trp-language-switcher{<br \/>display:inline-flex!important;<br \/>align-items:center!important;<br \/>gap:4px!important;<br \/>border:none!important;<br \/>}<\/p><p>\/* =========================<br \/>BORDE HEADER<br \/>========================= *\/<\/p><p>.elementor-element-2a2a2bc{<br \/>border:10px solid #0057FF!important;<br \/>box-sizing:border-box!important;<br \/>margin:0!important;<br \/>padding:0!important;<br \/>}<\/p><p>.eael-accordion .eael-accordion-header{<br \/>display:flex!important;<br \/>align-items:center!important;<br \/>justify-content:center!important;<br \/>}<br \/>.eael-accordion .eael-accordion-tab-title{<br \/>font-size:26px!important;<br \/>font-weight:800!important;<br \/>text-align:center!important;<br \/>display:block!important;<br \/>width:100%!important;<br \/>}<\/p><p>\/* =========================<br \/>EAEL POST GRID<br \/>========================= *\/<\/p><p>#grid-entradas-eael .eael-post-grid,<br \/>#grid-entradas-eael .eael-post-grid-container,<br \/>#grid-entradas-eael .eael-post-grid-columns{<br \/>align-items:stretch!important;<br \/>}<br \/>#grid-entradas-eael article.eael-grid-post{<br \/>display:flex!important;<br \/>flex-direction:column!important;<br \/>height:100%!important;<br \/>box-sizing:border-box!important;<br \/>}<br \/>#grid-entradas-eael .eael-post-grid-holder,<br \/>#grid-entradas-eael .eael-entry-wrapper{<br \/>display:flex!important;<br \/>flex-direction:column!important;<br \/>flex:1 1 auto!important;<br \/>}<br \/>#grid-entradas-eael .eael-entry-content,<br \/>#grid-entradas-eael .eael-post-excerpt,<br \/>#grid-entradas-eael .eael-grid-post-excerpt{<br \/>flex:1 1 auto!important;<br \/>}<br \/>#grid-entradas-eael .eael-post-elements-readmore-btn{<br \/>margin-top:auto!important;<br \/>display:inline-flex!important;<br \/>align-self:flex-start!important;<br \/>}<br \/>#grid-entradas-eael .eael-entry-media,<br \/>#grid-entradas-eael .eael-entry-thumbnail{<br \/>aspect-ratio:4\/3;<br \/>overflow:hidden;<br \/>}<br \/>#grid-entradas-eael .eael-entry-media img,<br \/>#grid-entradas-eael .eael-entry-thumbnail img{<br \/>width:100%;<br \/>height:100%;<br \/>object-fit:cover;<br \/>}<br \/>#grid-entradas-eael .eael-post-excerpt p,<br \/>#grid-entradas-eael .eael-grid-post-excerpt p{<br \/>display:-webkit-box;<br \/>-webkit-line-clamp:3;<br \/>-webkit-box-orient:vertical;<br \/>overflow:hidden;<br \/>}<\/p><p>@media(max-width:767px){<br \/>#grid-entradas-eael article.eael-grid-post,<br \/>#grid-entradas-eael .eael-entry-wrapper{<br \/>height:100%!important;<br \/>}<br \/>}<\/p><p>\/* =========================<br \/>GU\u00cdAS<br \/>========================= *\/<\/p><p>.guia-prep{<br \/>display:flex;<br \/>justify-content:center;<br \/>align-items:flex-start;<br \/>flex-wrap:nowrap;<br \/>gap:0;<br \/>margin:0 auto;<br \/>padding:0;<br \/>box-sizing:border-box;<br \/>}<br \/>.guia-prep.wp-block-column,<br \/>.guia-prep.wp-block-group{<br \/>display:flex;<br \/>justify-content:center;<br \/>}<br \/>.guia-prep ul{<br \/>display:inline-block;<br \/>text-align:left;<br \/>margin:0;<br \/>padding-left:1.2rem;<br \/>max-width:100%;<br \/>box-sizing:border-box;<br \/>}<br \/>.guia-prep ul li{<br \/>margin:0.15rem 0;<br \/>line-height:1.4;<br \/>}<br \/>.guia-prep .titulo-guias,<br \/>.guia-prep h3.titulo-guias{<br \/>text-align:center;<br \/>margin:0 0 0.5rem 0<br \/>}<br \/>@media(max-width:767px){<br \/>.guia-prep{justify-content:center}<br \/>.guia-prep ul{padding-left:1.1rem}<br \/>}<\/p><p>\/* =========================<br \/>FOOTER<br \/>========================= *\/<\/p><p>.page footer{<br \/>overflow:visible;<br \/>}<\/p><p>\/* =========================<br \/>ACORDE\u00d3N \u2013 MAPS<br \/>========================= *\/<\/p><p>.accordion .alignright,<br \/>.acordeon .alignright,<br \/>[class*=\u00bbaccordion\u00bb] .alignright,<br \/>[class*=\u00bbacordeon\u00bb] .alignright{<br \/>float:none!important;<br \/>display:block!important;<br \/>margin-left:auto!important;<br \/>margin-right:auto!important;<br \/>}<br \/>.accordion img,<br \/>.acordeon img,<br \/>[class*=\u00bbaccordion\u00bb] img,<br \/>[class*=\u00bbacordeon\u00bb] img{<br \/>transition:transform 0.2s ease;<br \/>}<br \/>.accordion img:hover,<br \/>.acordeon img:hover,<br \/>[class*=\u00bbaccordion\u00bb] img:hover,<br \/>[class*=\u00bbacordeon\u00bb] img:hover{<br \/>transform:scale(1.08);<br \/>}<\/p><p>\/* =========================<br \/>FORMINATOR \u2013 FIX DEFINITIVO 2 vs 4 OPCIONES<br \/>========================= *\/<\/p><p>.forminator-ui.forminator-poll .forminator-poll-answer{<br \/>text-align:center!important;<br \/>width:100%!important; \/* \ud83d\udd34 CLAVE *\/<br \/>}<\/p><p>.forminator-ui.forminator-poll .forminator-poll-answer img{<br \/>display:block!important;<br \/>margin:0 auto 10px auto!important;<br \/>}<\/p><p>\/* =========================<br \/>BOT\u00d3N<br \/>========================= *\/<\/p><p>.forminator-ui .forminator-button-submit{<br \/>display:block!important;<br \/>margin:35px auto 20px auto!important;<br \/>padding:14px 44px!important;<br \/>font-size:20px!important;<br \/>font-weight:800!important;<br \/>border-radius:14px!important;<br \/>background:linear-gradient(135deg,#0057FF,#0094FF)!important;<br \/>box-shadow:0 10px 22px rgba(0,87,255,0.35)!important;<br \/>transition:transform 0.2s ease, box-shadow 0.2s ease!important;<br \/>}<\/p><p>.forminator-ui .forminator-button-submit:hover{<br \/>transform:translateY(-2px)!important;<br \/>box-shadow:0 16px 34px rgba(0,87,255,0.45)!important;<br \/>cursor:pointer;<br \/>}<\/p><\/div><\/div><div class=\"scriptor-paragraph\"><!--ScriptorEndFragment--><\/div><\/div><p><!--ScriptorEndFragment--><\/p><\/div><p><!--ScriptorEndFragment--><\/p><\/div><p><!--ScriptorEndFragment--><\/p><\/div><div class=\"scriptor-paragraph\"><!--ScriptorEndFragment--><\/div><\/div><div class=\"scriptor-paragraph\"><!--ScriptorEndFragment--><\/div><\/div><div class=\"scriptor-paragraph\"><!--ScriptorEndFragment--><\/div><\/div><div class=\"scriptor-paragraph\"><!--ScriptorEndFragment--><\/div>\t\t\t\t\t\t\t\t<\/div>\n\t\t\t\t\t<\/div>\n\t\t\t\t<\/div>\n\t\t\t\t<\/div>\n\t\t","protected":false},"excerpt":{"rendered":"<p>Ajax Search Lite: El buscador del inicioCode Snipper (Fragmentos de c\u00f3digo): Para meter HTML r\u00e1pido, ejemplo el Trivial.Duplicator: Para migrar [&hellip;]<\/p>\n","protected":false},"author":1,"featured_media":0,"parent":0,"menu_order":0,"comment_status":"closed","ping_status":"closed","template":"","meta":{"site-sidebar-layout":"no-sidebar","site-content-layout":"","ast-site-content-layout":"full-width-container","site-content-style":"default","site-sidebar-style":"default","ast-global-header-display":"","ast-banner-title-visibility":"","ast-main-header-display":"","ast-hfb-above-header-display":"","ast-hfb-below-header-display":"","ast-hfb-mobile-header-display":"","site-post-title":"","ast-breadcrumbs-content":"","ast-featured-img":"disabled","footer-sml-layout":"","ast-disable-related-posts":"","theme-transparent-header-meta":"","adv-header-id-meta":"","stick-header-meta":"","header-above-stick-meta":"","header-main-stick-meta":"","header-below-stick-meta":"","astra-migrate-meta-layouts":"default","ast-page-background-enabled":"default","ast-page-background-meta":{"desktop":{"background-color":"var(--ast-global-color-5)","background-image":"","background-repeat":"repeat","background-position":"center center","background-size":"auto","background-attachment":"scroll","background-type":"","background-media":"","overlay-type":"","overlay-color":"","overlay-opacity":"","overlay-gradient":""},"tablet":{"background-color":"","background-image":"","background-repeat":"repeat","background-position":"center center","background-size":"auto","background-attachment":"scroll","background-type":"","background-media":"","overlay-type":"","overlay-color":"","overlay-opacity":"","overlay-gradient":""},"mobile":{"background-color":"","background-image":"","background-repeat":"repeat","background-position":"center center","background-size":"auto","background-attachment":"scroll","background-type":"","background-media":"","overlay-type":"","overlay-color":"","overlay-opacity":"","overlay-gradient":""}},"ast-content-background-meta":{"desktop":{"background-color":"var(--ast-global-color-4)","background-image":"","background-repeat":"repeat","background-position":"center center","background-size":"auto","background-attachment":"scroll","background-type":"","background-media":"","overlay-type":"","overlay-color":"","overlay-opacity":"","overlay-gradient":""},"tablet":{"background-color":"var(--ast-global-color-4)","background-image":"","background-repeat":"repeat","background-position":"center center","background-size":"auto","background-attachment":"scroll","background-type":"","background-media":"","overlay-type":"","overlay-color":"","overlay-opacity":"","overlay-gradient":""},"mobile":{"background-color":"var(--ast-global-color-4)","background-image":"","background-repeat":"repeat","background-position":"center center","background-size":"auto","background-attachment":"scroll","background-type":"","background-media":"","overlay-type":"","overlay-color":"","overlay-opacity":"","overlay-gradient":""}},"advanced_seo_description":"","jetpack_seo_html_title":"","jetpack_seo_noindex":true,"jetpack_post_was_ever_published":false,"footnotes":""},"class_list":["post-886","page","type-page","status-publish","hentry"],"jetpack_sharing_enabled":true,"_links":{"self":[{"href":"https:\/\/envidiaviajeradelamala.com\/en\/wp-json\/wp\/v2\/pages\/886","targetHints":{"allow":["GET"]}}],"collection":[{"href":"https:\/\/envidiaviajeradelamala.com\/en\/wp-json\/wp\/v2\/pages"}],"about":[{"href":"https:\/\/envidiaviajeradelamala.com\/en\/wp-json\/wp\/v2\/types\/page"}],"author":[{"embeddable":true,"href":"https:\/\/envidiaviajeradelamala.com\/en\/wp-json\/wp\/v2\/users\/1"}],"replies":[{"embeddable":true,"href":"https:\/\/envidiaviajeradelamala.com\/en\/wp-json\/wp\/v2\/comments?post=886"}],"version-history":[{"count":32,"href":"https:\/\/envidiaviajeradelamala.com\/en\/wp-json\/wp\/v2\/pages\/886\/revisions"}],"predecessor-version":[{"id":6170,"href":"https:\/\/envidiaviajeradelamala.com\/en\/wp-json\/wp\/v2\/pages\/886\/revisions\/6170"}],"wp:attachment":[{"href":"https:\/\/envidiaviajeradelamala.com\/en\/wp-json\/wp\/v2\/media?parent=886"}],"curies":[{"name":"wp","href":"https:\/\/api.w.org\/{rel}","templated":true}]}}