{"id":372,"date":"1900-01-01T00:00:40","date_gmt":"1900-01-01T00:15:24","guid":{"rendered":"http:\/\/envidia-viajera-de-la-mala.local\/?p=372"},"modified":"2026-04-07T11:09:40","modified_gmt":"2026-04-07T09:09:40","slug":"quienes-somos","status":"publish","type":"page","link":"https:\/\/envidiaviajeradelamala.com\/en\/inicio\/quienes-somos\/","title":{"rendered":"Who are we?"},"content":{"rendered":"<div data-elementor-type=\"wp-page\" data-elementor-id=\"372\" class=\"elementor elementor-372\">\n\t\t\t\t<div class=\"elementor-element elementor-element-287e003 e-flex e-con-boxed e-con e-parent\" data-id=\"287e003\" data-element_type=\"container\" data-e-type=\"container\">\n\t\t\t\t\t<div class=\"e-con-inner\">\n\t\t\t\t<div class=\"elementor-element elementor-element-2825f88 elementor-widget elementor-widget-heading\" data-id=\"2825f88\" data-element_type=\"widget\" data-e-type=\"widget\" data-widget_type=\"heading.default\">\n\t\t\t\t\t<h2 class=\"elementor-heading-title elementor-size-default\">Welcome to Bad Traveling Envy!:<\/h2>\t\t\t\t<\/div>\n\t\t<div class=\"elementor-element elementor-element-4f4171b e-con-full e-flex e-con e-child\" data-id=\"4f4171b\" data-element_type=\"container\" data-e-type=\"container\">\n\t\t\t\t<div class=\"elementor-element elementor-element-bfed6cb elementor-widget elementor-widget-image\" data-id=\"bfed6cb\" data-element_type=\"widget\" data-e-type=\"widget\" data-widget_type=\"image.default\">\n\t\t\t\t\t\t\t\t\t\t\t\t\t\t\t<img fetchpriority=\"high\" decoding=\"async\" width=\"850\" height=\"638\" src=\"https:\/\/envidiaviajeradelamala.com\/wp-content\/uploads\/2026\/02\/Foto-quienes-somos.webp\" class=\"attachment-large size-large wp-image-48\" alt=\"Nochevieja en Miami\" srcset=\"https:\/\/envidiaviajeradelamala.com\/wp-content\/uploads\/2026\/02\/Foto-quienes-somos.webp 850w, https:\/\/envidiaviajeradelamala.com\/wp-content\/uploads\/2026\/02\/Foto-quienes-somos-300x225.webp 300w, https:\/\/envidiaviajeradelamala.com\/wp-content\/uploads\/2026\/02\/Foto-quienes-somos-768x576.webp 768w\" sizes=\"(max-width: 850px) 100vw, 850px\" \/>\t\t\t\t\t\t\t\t\t\t\t\t\t\t\t<\/div>\n\t\t\t\t<\/div>\n\t\t<div class=\"elementor-element elementor-element-12f2c8d e-con-full e-flex e-con e-child\" data-id=\"12f2c8d\" data-element_type=\"container\" data-e-type=\"container\">\n\t\t\t\t<div class=\"elementor-element elementor-element-7d2d779 elementor-widget elementor-widget-text-editor\" data-id=\"7d2d779\" data-element_type=\"widget\" data-e-type=\"widget\" data-widget_type=\"text-editor.default\">\n\t\t\t\t\t\t\t\t\t<p style=\"font-size: 18px; line-height: 1.6;\">Hola, somos Jos\u00e9 (47 a\u00f1os) y Mamen (46) \u2014en 2025\u2014 y, como muchos de vosotros, somos unos apasionados de los viajes. Durante a\u00f1os pensamos en crear un blog para compartir nuestras gu\u00edas y experiencias, igual que otros viajeros nos han ayudado con las suyas. Aunque al principio nos daba pereza arrancar\u2026 \u00a1por fin nos hemos lanzado!<\/p><h2 style=\"font-size: 22px; line-height: 1.4; margin-top: 20px;\"><span style=\"color: #000000;\"><strong><img decoding=\"async\" class=\"emoji\" role=\"img\" draggable=\"false\" src=\"https:\/\/s.w.org\/images\/core\/emoji\/17.0.2\/svg\/2753.svg\" alt=\"\u2753\" \/> Why \u201cBad Envy\u201d?<\/strong><\/span><\/h2><p style=\"font-size: 18px; line-height: 1.6;\">Because we don&#039;t believe in healthy envy when it comes to travel <img decoding=\"async\" class=\"emoji\" role=\"img\" draggable=\"false\" src=\"https:\/\/s.w.org\/images\/core\/emoji\/17.0.2\/svg\/1f604.svg\" alt=\"\ud83d\ude04\" \/>.<br \/>We all want holidays, getaways, adventures\u2026 and yes, we are very envious of how much people travel.<br \/>As\u00ed que decidimos compartir tambi\u00e9n nuestros viajes.<\/p><h2 style=\"font-size: 22px; line-height: 1.4; margin-top: 20px;\"><span style=\"color: #000000;\"><strong><img decoding=\"async\" class=\"emoji\" role=\"img\" draggable=\"false\" src=\"https:\/\/s.w.org\/images\/core\/emoji\/17.0.2\/svg\/1f30d.svg\" alt=\"\ud83c\udf0d\" \/> What will you find here?<\/strong><\/span><\/h2><div>Este sitio est\u00e1 dedicado exclusivamente a nuestras propias experiencias: alojamientos donde hemos estado, zonas que hemos recorrido y restaurantes o lugares que hemos visitado.<\/div><p style=\"font-size: 18px; line-height: 1.6;\">We&#039;re not talking about recommendations from others or places we don&#039;t know. They might not always be the best, but they&#039;re real and based on our own experiences.<\/p><h2 style=\"font-size: 22px; line-height: 1.4; margin-top: 20px;\"><span style=\"color: #000000;\"><strong><img decoding=\"async\" class=\"emoji\" role=\"img\" draggable=\"false\" src=\"https:\/\/s.w.org\/images\/core\/emoji\/17.0.2\/svg\/1f4c4.svg\" alt=\"\ud83d\udcc4\" \/> Practical and downloadable guides:<\/strong><\/span><\/h2><p style=\"font-size: 18px; line-height: 1.6;\">Before each trip, we prepare our routes by searching dozens of sources.<br \/>That&#039;s why our guides are very comprehensive, and once the trip is over we revise them to add information or correct any data that is incorrect.<br \/>We publish them in Word format so you can download, edit, and adapt them to your liking.<br \/>They include interactive links, such as maps that open directly on the mobile device with the complete route.<br \/>The routes start and end at our accommodation, but you can easily change it to your own.<\/p><h2 style=\"font-size: 22px; line-height: 1.4; margin-top: 20px;\"><span style=\"color: #000000;\"><strong><img decoding=\"async\" class=\"emoji\" role=\"img\" draggable=\"false\" src=\"https:\/\/s.w.org\/images\/core\/emoji\/17.0.2\/svg\/1f3db.svg\" alt=\"\ud83c\udfdb\ufe0f\" \/> Churches yes, museums no?<\/strong><\/span><\/h2><p style=\"font-size: 18px; line-height: 1.6;\">You&#039;ll see many churches on our routes, not for religious reasons, but because we love their architecture.<br \/>Museums, on the other hand, don&#039;t usually appear... they bore us!<br \/>A menos que tengan botoncitos para tocar&#8230; y sean gratuitos <img decoding=\"async\" class=\"emoji\" role=\"img\" draggable=\"false\" src=\"https:\/\/s.w.org\/images\/core\/emoji\/17.0.2\/svg\/1f602.svg\" alt=\"\ud83d\ude02\" \/>.<\/p><h2 style=\"font-size: 22px; line-height: 1.4; margin-top: 20px;\"><span style=\"color: #000000;\"><strong><img decoding=\"async\" class=\"emoji\" role=\"img\" draggable=\"false\" src=\"https:\/\/s.w.org\/images\/core\/emoji\/17.0.2\/svg\/1f491.svg\" alt=\"\ud83d\udc91\" \/> Trips for couples (without children):<\/strong><\/span><\/h2><p style=\"font-size: 18px; line-height: 1.6;\">La mayor\u00eda de nuestras escapadas son de fin de semana o con alg\u00fan d\u00eda extra, y las hacemos en pareja (sin los adolescentes), aunque tambi\u00e9n viajamos con ellos en Nochebuena-Navidad y verano solemos irnos fuera pero m\u00e1s enfocado a hoteles todo incluido.<br \/>We like to walk a lot and make the most of our time, so we always look for affordable options.<br \/>We&#039;ve included prices and dates for your reference, even though it may have been some time since the trip.<br \/>All trips depart from and return to Madrid, which is where we live.<\/p><h2 style=\"font-size: 22px; line-height: 1.4; margin-top: 20px;\"><span style=\"color: #000000;\"><strong><img decoding=\"async\" class=\"emoji\" role=\"img\" draggable=\"false\" src=\"https:\/\/s.w.org\/images\/core\/emoji\/17.0.2\/svg\/1f91d.svg\" alt=\"\ud83e\udd1d\" \/> Will you help us improve?<\/strong><\/span><\/h2><p style=\"font-size: 18px; line-height: 1.6;\">We hope our experiences will be helpful to you.<br \/>If you have any questions, suggestions, or would like to provide information about any of the destinations, please don&#039;t hesitate to contact us!<br \/>We&#039;d be happy to update the guides with your feedback.,<br \/>And if you don&#039;t know the answer, look it up quickly, because all learning is always good.<\/p><p style=\"font-size: 22px; line-height: 1.6; text-align: center; margin-top: 25px;\"><strong><span style=\"color: #000000;\"><br \/>Thank you for reading and for being part of this travel community.<br \/><\/span><\/strong><\/p>\t\t\t\t\t\t\t\t<\/div>\n\t\t\t\t<\/div>\n\t\t<div class=\"elementor-element elementor-element-1a8fef2 e-con-full e-flex e-con e-child\" data-id=\"1a8fef2\" data-element_type=\"container\" data-e-type=\"container\">\n\t\t\t\t<div class=\"elementor-element elementor-element-25b64ac elementor-widget elementor-widget-image\" data-id=\"25b64ac\" data-element_type=\"widget\" data-e-type=\"widget\" data-widget_type=\"image.default\">\n\t\t\t\t\t\t\t\t\t\t\t\t\t\t\t<img decoding=\"async\" width=\"300\" height=\"225\" src=\"https:\/\/envidiaviajeradelamala.com\/wp-content\/uploads\/2026\/02\/Sudaderas-300x225.webp\" class=\"attachment-medium size-medium wp-image-59\" alt=\"Sudaderas Envidia Viajera de la Mala\" srcset=\"https:\/\/envidiaviajeradelamala.com\/wp-content\/uploads\/2026\/02\/Sudaderas-300x225.webp 300w, https:\/\/envidiaviajeradelamala.com\/wp-content\/uploads\/2026\/02\/Sudaderas-768x576.webp 768w, https:\/\/envidiaviajeradelamala.com\/wp-content\/uploads\/2026\/02\/Sudaderas.webp 850w\" sizes=\"(max-width: 300px) 100vw, 300px\" \/>\t\t\t\t\t\t\t\t\t\t\t\t\t\t\t<\/div>\n\t\t\t\t<\/div>\n\t\t<div class=\"elementor-element elementor-element-9b162e7 e-con-full elementor-hidden-desktop elementor-hidden-tablet elementor-hidden-mobile e-flex e-con e-child\" data-id=\"9b162e7\" data-element_type=\"container\" data-e-type=\"container\">\n\t\t\t\t<div class=\"elementor-element elementor-element-491d970 elementor-widget-divider--view-line elementor-widget elementor-widget-divider\" data-id=\"491d970\" data-element_type=\"widget\" data-e-type=\"widget\" data-widget_type=\"divider.default\">\n\t\t\t\t\t\t\t<div class=\"elementor-divider\">\n\t\t\t<span class=\"elementor-divider-separator\">\n\t\t\t\t\t\t<\/span>\n\t\t<\/div>\n\t\t\t\t\t\t<\/div>\n\t\t\t\t<\/div>\n\t\t\t\t\t<\/div>\n\t\t\t\t<\/div>\n\t\t\t\t<\/div>","protected":false},"excerpt":{"rendered":"<p>\u00a1Bienvenidos a Envidia Viajera de la Mala!: Hola, somos Jos\u00e9 (47 a\u00f1os) y Mamen (46) \u2014en 2025\u2014 y, como muchos [&hellip;]<\/p>\n","protected":false},"author":1,"featured_media":48,"parent":6,"menu_order":0,"comment_status":"closed","ping_status":"closed","template":"","meta":{"site-sidebar-layout":"no-sidebar","site-content-layout":"","ast-site-content-layout":"full-width-container","site-content-style":"default","site-sidebar-style":"default","ast-global-header-display":"","ast-banner-title-visibility":"","ast-main-header-display":"","ast-hfb-above-header-display":"","ast-hfb-below-header-display":"","ast-hfb-mobile-header-display":"","site-post-title":"","ast-breadcrumbs-content":"","ast-featured-img":"disabled","footer-sml-layout":"","ast-disable-related-posts":"","theme-transparent-header-meta":"","adv-header-id-meta":"","stick-header-meta":"","header-above-stick-meta":"","header-main-stick-meta":"","header-below-stick-meta":"","astra-migrate-meta-layouts":"default","ast-page-background-enabled":"default","ast-page-background-meta":{"desktop":{"background-color":"var(--ast-global-color-5)","background-image":"","background-repeat":"repeat","background-position":"center center","background-size":"auto","background-attachment":"scroll","background-type":"","background-media":"","overlay-type":"","overlay-color":"","overlay-opacity":"","overlay-gradient":""},"tablet":{"background-color":"","background-image":"","background-repeat":"repeat","background-position":"center center","background-size":"auto","background-attachment":"scroll","background-type":"","background-media":"","overlay-type":"","overlay-color":"","overlay-opacity":"","overlay-gradient":""},"mobile":{"background-color":"","background-image":"","background-repeat":"repeat","background-position":"center center","background-size":"auto","background-attachment":"scroll","background-type":"","background-media":"","overlay-type":"","overlay-color":"","overlay-opacity":"","overlay-gradient":""}},"ast-content-background-meta":{"desktop":{"background-color":"var(--ast-global-color-4)","background-image":"","background-repeat":"repeat","background-position":"center center","background-size":"auto","background-attachment":"scroll","background-type":"","background-media":"","overlay-type":"","overlay-color":"","overlay-opacity":"","overlay-gradient":""},"tablet":{"background-color":"var(--ast-global-color-4)","background-image":"","background-repeat":"repeat","background-position":"center center","background-size":"auto","background-attachment":"scroll","background-type":"","background-media":"","overlay-type":"","overlay-color":"","overlay-opacity":"","overlay-gradient":""},"mobile":{"background-color":"var(--ast-global-color-4)","background-image":"","background-repeat":"repeat","background-position":"center center","background-size":"auto","background-attachment":"scroll","background-type":"","background-media":"","overlay-type":"","overlay-color":"","overlay-opacity":"","overlay-gradient":""}},"advanced_seo_description":"","jetpack_seo_html_title":"","jetpack_seo_noindex":false,"footnotes":""},"class_list":["post-372","page","type-page","status-publish","has-post-thumbnail","hentry"],"jetpack_sharing_enabled":true,"_links":{"self":[{"href":"https:\/\/envidiaviajeradelamala.com\/en\/wp-json\/wp\/v2\/pages\/372","targetHints":{"allow":["GET"]}}],"collection":[{"href":"https:\/\/envidiaviajeradelamala.com\/en\/wp-json\/wp\/v2\/pages"}],"about":[{"href":"https:\/\/envidiaviajeradelamala.com\/en\/wp-json\/wp\/v2\/types\/page"}],"author":[{"embeddable":true,"href":"https:\/\/envidiaviajeradelamala.com\/en\/wp-json\/wp\/v2\/users\/1"}],"replies":[{"embeddable":true,"href":"https:\/\/envidiaviajeradelamala.com\/en\/wp-json\/wp\/v2\/comments?post=372"}],"version-history":[{"count":0,"href":"https:\/\/envidiaviajeradelamala.com\/en\/wp-json\/wp\/v2\/pages\/372\/revisions"}],"up":[{"embeddable":true,"href":"https:\/\/envidiaviajeradelamala.com\/en\/wp-json\/wp\/v2\/pages\/6"}],"wp:featuredmedia":[{"embeddable":true,"href":"https:\/\/envidiaviajeradelamala.com\/en\/wp-json\/wp\/v2\/media\/48"}],"wp:attachment":[{"href":"https:\/\/envidiaviajeradelamala.com\/en\/wp-json\/wp\/v2\/media?parent=372"}],"curies":[{"name":"wp","href":"https:\/\/api.w.org\/{rel}","templated":true}]}}