{"id":1993,"date":"1900-01-01T00:00:14","date_gmt":"1900-01-01T00:14:58","guid":{"rendered":"http:\/\/dev.envidiaviajeradelamala.com\/?page_id=1993"},"modified":"2026-04-07T11:11:03","modified_gmt":"2026-04-07T09:11:03","slug":"listado-de-viajes-hechos-2","status":"publish","type":"page","link":"https:\/\/envidiaviajeradelamala.com\/en\/inicio\/listado-de-viajes-hechos-2\/","title":{"rendered":"List of trips made"},"content":{"rendered":"<div data-elementor-type=\"wp-page\" data-elementor-id=\"1993\" class=\"elementor elementor-1993\">\n\t\t\t\t<div class=\"elementor-element elementor-element-24084a0 e-con-full e-flex e-con e-parent\" data-id=\"24084a0\" data-element_type=\"container\" data-e-type=\"container\" data-settings=\"{&quot;background_background&quot;:&quot;classic&quot;}\">\n\t\t\t\t<div class=\"elementor-element elementor-element-394a790 elementor-widget-mobile__width-initial elementor-widget elementor-widget-heading\" data-id=\"394a790\" data-element_type=\"widget\" data-e-type=\"widget\" data-widget_type=\"heading.default\">\n\t\t\t\t\t<h2 class=\"elementor-heading-title elementor-size-default\">Viajes hechos y pr\u00f3ximas gu\u00edas a subir:<\/h2>\t\t\t\t<\/div>\n\t\t\t\t<\/div>\n\t\t<div class=\"elementor-element elementor-element-84c50e6 e-flex e-con-boxed e-con e-parent\" data-id=\"84c50e6\" data-element_type=\"container\" data-e-type=\"container\">\n\t\t\t\t\t<div class=\"e-con-inner\">\n\t\t\t\t<div class=\"elementor-element elementor-element-478ff18 elementor-widget elementor-widget-image\" data-id=\"478ff18\" data-element_type=\"widget\" data-e-type=\"widget\" data-widget_type=\"image.default\">\n\t\t\t\t\t\t\t\t\t\t\t\t\t\t\t<img fetchpriority=\"high\" decoding=\"async\" width=\"1024\" height=\"683\" src=\"https:\/\/envidiaviajeradelamala.com\/wp-content\/uploads\/2026\/03\/Viajes-hechos-1024x683.png\" class=\"attachment-large size-large wp-image-2001\" alt=\"Viajes hechos\" srcset=\"https:\/\/envidiaviajeradelamala.com\/wp-content\/uploads\/2026\/03\/Viajes-hechos-1024x683.png 1024w, https:\/\/envidiaviajeradelamala.com\/wp-content\/uploads\/2026\/03\/Viajes-hechos-300x200.png 300w, https:\/\/envidiaviajeradelamala.com\/wp-content\/uploads\/2026\/03\/Viajes-hechos-768x512.png 768w, https:\/\/envidiaviajeradelamala.com\/wp-content\/uploads\/2026\/03\/Viajes-hechos-18x12.png 18w, https:\/\/envidiaviajeradelamala.com\/wp-content\/uploads\/2026\/03\/Viajes-hechos.png 1536w\" sizes=\"(max-width: 1024px) 100vw, 1024px\" \/>\t\t\t\t\t\t\t\t\t\t\t\t\t\t\t<\/div>\n\t\t\t\t\t<\/div>\n\t\t\t\t<\/div>\n\t\t<div class=\"elementor-element elementor-element-b52ad7e e-flex e-con-boxed e-con e-parent\" data-id=\"b52ad7e\" data-element_type=\"container\" data-e-type=\"container\">\n\t\t\t\t\t<div class=\"e-con-inner\">\n\t\t\t\t<div class=\"elementor-element elementor-element-81c0a11 elementor-widget elementor-widget-heading\" data-id=\"81c0a11\" data-element_type=\"widget\" data-e-type=\"widget\" data-widget_type=\"heading.default\">\n\t\t\t\t\t<h3 class=\"elementor-heading-title elementor-size-default\"><u>Gu\u00edas publicadas:<\/u><\/h3>\t\t\t\t<\/div>\n\t\t\t\t\t<\/div>\n\t\t\t\t<\/div>\n\t\t<div class=\"elementor-element elementor-element-11a4b1c e-flex e-con-boxed e-con e-parent\" data-id=\"11a4b1c\" data-element_type=\"container\" data-e-type=\"container\">\n\t\t\t\t\t<div class=\"e-con-inner\">\n\t\t\t\t<div class=\"elementor-element elementor-element-ecc2377 elementor-widget elementor-widget-eael-adv-accordion\" data-id=\"ecc2377\" data-element_type=\"widget\" data-e-type=\"widget\" data-widget_type=\"eael-adv-accordion.default\">\n\t\t\t\t\t            <div class=\"eael-adv-accordion\" id=\"eael-adv-accordion-ecc2377\" data-scroll-on-click=\"no\" data-scroll-speed=\"300\" data-accordion-id=\"ecc2377\" data-accordion-type=\"accordion\" data-toogle-speed=\"300\">\n            <div class=\"eael-accordion-list\">\n\t\t\t\t\t<div id=\"europa\" class=\"elementor-tab-title eael-accordion-header\" tabindex=\"0\" data-tab=\"1\" aria-controls=\"elementor-tab-content-2481\"><span class=\"eael-advanced-accordion-icon-closed\"><svg aria-hidden=\"true\" class=\"fa-accordion-icon e-font-icon-svg e-fas-plus\" viewbox=\"0 0 448 512\" xmlns=\"http:\/\/www.w3.org\/2000\/svg\"><path d=\"M416 208H272V64c0-17.67-14.33-32-32-32h-32c-17.67 0-32 14.33-32 32v144H32c-17.67 0-32 14.33-32 32v32c0 17.67 14.33 32 32 32h144v144c0 17.67 14.33 32 32 32h32c17.67 0 32-14.33 32-32V304h144c17.67 0 32-14.33 32-32v-32c0-17.67-14.33-32-32-32z\"><\/path><\/svg><\/span><span class=\"eael-advanced-accordion-icon-opened\"><svg aria-hidden=\"true\" class=\"fa-accordion-icon e-font-icon-svg e-fas-minus\" viewbox=\"0 0 448 512\" xmlns=\"http:\/\/www.w3.org\/2000\/svg\"><path d=\"M416 208H32c-17.67 0-32 14.33-32 32v32c0 17.67 14.33 32 32 32h384c17.67 0 32-14.33 32-32v-32c0-17.67-14.33-32-32-32z\"><\/path><\/svg><\/span><span class=\"eael-accordion-tab-title\">EUROPE<\/span><svg aria-hidden=\"true\" class=\"fa-toggle e-font-icon-svg e-fas-angle-right\" viewbox=\"0 0 256 512\" xmlns=\"http:\/\/www.w3.org\/2000\/svg\"><path d=\"M224.3 273l-136 136c-9.4 9.4-24.6 9.4-33.9 0l-22.6-22.6c-9.4-9.4-9.4-24.6 0-33.9l96.4-96.4-96.4-96.4c-9.4-9.4-9.4-24.6 0-33.9L54.3 103c9.4-9.4 24.6-9.4 33.9 0l136 136c9.5 9.4 9.5 24.6.1 34z\"><\/path><\/svg><\/div><div id=\"elementor-tab-content-2481\" class=\"eael-accordion-content clearfix\" data-tab=\"1\" aria-labelledby=\"europa\"><div class=\"BEtRj qeFVf TxLV0 gF-la\"><p id=\"viewer-j3poa182731\" class=\"dEt5S sjVPj nEzPS\"><a style=\"font-size: 16px;background-color: #ffffff\" href=\"http:\/\/envidiaviajeradelamala.com\/en\/inicio\/continente-europa\/alemania\/\">Germany<\/a><\/p><\/div><div><div class=\"BEtRj qeFVf TxLV0\"><div id=\"viewer-m706a184272\" class=\"v6guB\"><div class=\"Wo3bX\"><div class=\"CwWDx PvjxM\"><div><div class=\"b0-7x -mg8Q\"><div class=\"is9yH\"><div class=\"R6FbR has-custom-focus\"><a href=\"http:\/\/envidiaviajeradelamala.com\/en\/inicio\/continente-europa\/andorra\/\">Andorra<\/a><\/div><\/div><\/div><\/div><div><div class=\"b0-7x -mg8Q\"><div class=\"is9yH\"><div class=\"R6FbR has-custom-focus\"><a href=\"http:\/\/envidiaviajeradelamala.com\/en\/inicio\/continente-europa\/austria\/\">Austria<\/a><\/div><\/div><\/div><\/div><div><div class=\"b0-7x -mg8Q\"><div class=\"is9yH\"><div class=\"R6FbR has-custom-focus\"><a href=\"http:\/\/envidiaviajeradelamala.com\/en\/inicio\/continente-europa\/bulgaria\/\">Bulgaria<\/a><\/div><\/div><\/div><\/div><div><div class=\"b0-7x -mg8Q\"><div class=\"is9yH\"><div class=\"R6FbR has-custom-focus\"><a href=\"http:\/\/envidiaviajeradelamala.com\/en\/inicio\/continente-europa\/gran-bretana\/escocia\/\">Scotland<\/a><\/div><\/div><\/div><\/div><div><div class=\"b0-7x -mg8Q\"><div class=\"is9yH\"><div class=\"R6FbR has-custom-focus\"><a href=\"http:\/\/envidiaviajeradelamala.com\/en\/inicio\/continente-europa\/eslovaquia\/\">Slovakia<\/a><\/div><\/div><\/div><\/div><div><div class=\"b0-7x -mg8Q\"><div class=\"is9yH\"><div class=\"R6FbR has-custom-focus\"><a href=\"http:\/\/envidiaviajeradelamala.com\/en\/inicio\/continente-europa\/espana\/\">Spain<\/a><\/div><\/div><\/div><\/div><div><div class=\"b0-7x -mg8Q\"><div class=\"is9yH\"><div class=\"R6FbR has-custom-focus\"><a href=\"http:\/\/envidiaviajeradelamala.com\/en\/inicio\/continente-europa\/francia\/\">France<\/a><\/div><\/div><\/div><\/div><div><div class=\"b0-7x -mg8Q\"><div class=\"is9yH\"><div class=\"R6FbR has-custom-focus\"><a href=\"http:\/\/envidiaviajeradelamala.com\/en\/inicio\/continente-europa\/gran-bretana\/\">Great Britain<\/a><\/div><\/div><\/div><\/div><div><div class=\"b0-7x -mg8Q\"><div class=\"is9yH\"><div class=\"R6FbR has-custom-focus\"><a href=\"http:\/\/envidiaviajeradelamala.com\/en\/inicio\/continente-europa\/hungria\/\">Hungary<\/a><\/div><\/div><\/div><\/div><div><div class=\"b0-7x -mg8Q\"><div class=\"is9yH\"><div class=\"R6FbR has-custom-focus\"><a href=\"http:\/\/envidiaviajeradelamala.com\/en\/inicio\/continente-europa\/gran-bretana\/irlanda\/\">Ireland<\/a><\/div><\/div><\/div><\/div><div><div class=\"b0-7x -mg8Q\"><div class=\"is9yH\"><div class=\"R6FbR has-custom-focus\"><a href=\"http:\/\/envidiaviajeradelamala.com\/en\/inicio\/continente-europa\/italia\/\">Italy<\/a><\/div><\/div><\/div><\/div><div><div class=\"b0-7x -mg8Q\"><div class=\"is9yH\"><div class=\"R6FbR has-custom-focus\"><a href=\"http:\/\/envidiaviajeradelamala.com\/en\/inicio\/continente-europa\/macedonia\/\">Macedonia<\/a><\/div><\/div><\/div><\/div><div><div class=\"b0-7x -mg8Q\"><div class=\"is9yH\"><div class=\"R6FbR has-custom-focus\"><a href=\"http:\/\/envidiaviajeradelamala.com\/en\/inicio\/continente-europa\/noruega\/\">Norway<\/a><\/div><\/div><\/div><\/div><div><div class=\"b0-7x -mg8Q\"><div class=\"is9yH\"><div class=\"R6FbR has-custom-focus\"><a href=\"http:\/\/envidiaviajeradelamala.com\/en\/inicio\/continente-europa\/paises-bajos\/\">Netherlands<\/a><\/div><\/div><\/div><\/div><div><div class=\"b0-7x -mg8Q\"><div class=\"is9yH\"><div class=\"R6FbR has-custom-focus\"><a href=\"http:\/\/envidiaviajeradelamala.com\/en\/inicio\/continente-europa\/polonia\/\">Poland<\/a><\/div><\/div><\/div><\/div><div><div class=\"b0-7x -mg8Q\"><div class=\"is9yH\"><div class=\"R6FbR has-custom-focus\"><a href=\"http:\/\/envidiaviajeradelamala.com\/en\/inicio\/continente-europa\/portugal\/\">Portugal<\/a><\/div><\/div><\/div><\/div><div><div class=\"b0-7x -mg8Q\"><div class=\"is9yH\"><div class=\"R6FbR has-custom-focus\"><a href=\"http:\/\/envidiaviajeradelamala.com\/en\/inicio\/continente-europa\/republica-checa\/\">Czech Republic<\/a><\/div><\/div><\/div><\/div><div><div class=\"b0-7x -mg8Q\"><div class=\"is9yH\"><div class=\"R6FbR has-custom-focus\"><a href=\"http:\/\/envidiaviajeradelamala.com\/en\/inicio\/continente-europa\/suiza\/\">Su\u00edza<\/a><\/div><\/div><\/div><\/div><div><div class=\"b0-7x -mg8Q\"><div class=\"is9yH\"><div class=\"R6FbR has-custom-focus\"><p><a href=\"http:\/\/envidiaviajeradelamala.com\/en\/inicio\/continente-europa\/turquia\/\">T\u00fcrkiye<\/a><\/p><p>\u00a0<\/p><\/div><\/div><\/div><\/div><\/div><\/div><\/div><\/div><\/div><\/div>\n\t\t\t\t\t<\/div><div class=\"eael-accordion-list\">\n\t\t\t\t\t<div id=\"asia\" class=\"elementor-tab-title eael-accordion-header\" tabindex=\"0\" data-tab=\"2\" aria-controls=\"elementor-tab-content-2482\"><span class=\"eael-advanced-accordion-icon-closed\"><svg aria-hidden=\"true\" class=\"fa-accordion-icon e-font-icon-svg e-fas-plus\" viewbox=\"0 0 448 512\" xmlns=\"http:\/\/www.w3.org\/2000\/svg\"><path d=\"M416 208H272V64c0-17.67-14.33-32-32-32h-32c-17.67 0-32 14.33-32 32v144H32c-17.67 0-32 14.33-32 32v32c0 17.67 14.33 32 32 32h144v144c0 17.67 14.33 32 32 32h32c17.67 0 32-14.33 32-32V304h144c17.67 0 32-14.33 32-32v-32c0-17.67-14.33-32-32-32z\"><\/path><\/svg><\/span><span class=\"eael-advanced-accordion-icon-opened\"><svg aria-hidden=\"true\" class=\"fa-accordion-icon e-font-icon-svg e-fas-minus\" viewbox=\"0 0 448 512\" xmlns=\"http:\/\/www.w3.org\/2000\/svg\"><path d=\"M416 208H32c-17.67 0-32 14.33-32 32v32c0 17.67 14.33 32 32 32h384c17.67 0 32-14.33 32-32v-32c0-17.67-14.33-32-32-32z\"><\/path><\/svg><\/span><span class=\"eael-accordion-tab-title\">ASIA<\/span><svg aria-hidden=\"true\" class=\"fa-toggle e-font-icon-svg e-fas-angle-right\" viewbox=\"0 0 256 512\" xmlns=\"http:\/\/www.w3.org\/2000\/svg\"><path d=\"M224.3 273l-136 136c-9.4 9.4-24.6 9.4-33.9 0l-22.6-22.6c-9.4-9.4-9.4-24.6 0-33.9l96.4-96.4-96.4-96.4c-9.4-9.4-9.4-24.6 0-33.9L54.3 103c9.4-9.4 24.6-9.4 33.9 0l136 136c9.5 9.4 9.5 24.6.1 34z\"><\/path><\/svg><\/div><div id=\"elementor-tab-content-2482\" class=\"eael-accordion-content clearfix\" data-tab=\"2\" aria-labelledby=\"asia\"><div><div class=\"b0-7x -mg8Q\"><div class=\"iNZCQ\"><div class=\"BEtRj qeFVf TxLV0 gF-la\"><div><p id=\"viewer-544yf105192\" class=\"dEt5S sjVPj nEzPS\"><span class=\"Q-E3F\"><a href=\"http:\/\/envidiaviajeradelamala.com\/en\/inicio\/continente-asia\/emiratos-arabes-unidos\/\">United Arab Emirates<\/a><br \/><\/span><a href=\"http:\/\/envidiaviajeradelamala.com\/en\/inicio\/continente-asia\/malasia\/\">Malaysia<\/a><br \/><a href=\"http:\/\/envidiaviajeradelamala.com\/en\/inicio\/continente-asia\/singapur\/\">Singapore<\/a><br \/><a href=\"http:\/\/envidiaviajeradelamala.com\/en\/inicio\/continente-asia\/tailandia\/\">Thailand<\/a><br \/><a href=\"http:\/\/envidiaviajeradelamala.com\/en\/inicio\/continente-asia\/vietnam\/\">Vietnam<\/a><\/p><\/div><\/div><\/div><\/div><\/div><\/div>\n\t\t\t\t\t<\/div><div class=\"eael-accordion-list\">\n\t\t\t\t\t<div id=\"frica\" class=\"elementor-tab-title eael-accordion-header\" tabindex=\"0\" data-tab=\"3\" aria-controls=\"elementor-tab-content-2483\"><span class=\"eael-advanced-accordion-icon-closed\"><svg aria-hidden=\"true\" class=\"fa-accordion-icon e-font-icon-svg e-fas-plus\" viewbox=\"0 0 448 512\" xmlns=\"http:\/\/www.w3.org\/2000\/svg\"><path d=\"M416 208H272V64c0-17.67-14.33-32-32-32h-32c-17.67 0-32 14.33-32 32v144H32c-17.67 0-32 14.33-32 32v32c0 17.67 14.33 32 32 32h144v144c0 17.67 14.33 32 32 32h32c17.67 0 32-14.33 32-32V304h144c17.67 0 32-14.33 32-32v-32c0-17.67-14.33-32-32-32z\"><\/path><\/svg><\/span><span class=\"eael-advanced-accordion-icon-opened\"><svg aria-hidden=\"true\" class=\"fa-accordion-icon e-font-icon-svg e-fas-minus\" viewbox=\"0 0 448 512\" xmlns=\"http:\/\/www.w3.org\/2000\/svg\"><path d=\"M416 208H32c-17.67 0-32 14.33-32 32v32c0 17.67 14.33 32 32 32h384c17.67 0 32-14.33 32-32v-32c0-17.67-14.33-32-32-32z\"><\/path><\/svg><\/span><span class=\"eael-accordion-tab-title\">AFRICA<\/span><svg aria-hidden=\"true\" class=\"fa-toggle e-font-icon-svg e-fas-angle-right\" viewbox=\"0 0 256 512\" xmlns=\"http:\/\/www.w3.org\/2000\/svg\"><path d=\"M224.3 273l-136 136c-9.4 9.4-24.6 9.4-33.9 0l-22.6-22.6c-9.4-9.4-9.4-24.6 0-33.9l96.4-96.4-96.4-96.4c-9.4-9.4-9.4-24.6 0-33.9L54.3 103c9.4-9.4 24.6-9.4 33.9 0l136 136c9.5 9.4 9.5 24.6.1 34z\"><\/path><\/svg><\/div><div id=\"elementor-tab-content-2483\" class=\"eael-accordion-content clearfix\" data-tab=\"3\" aria-labelledby=\"frica\"><div><div class=\"b0-7x -mg8Q\"><div class=\"iNZCQ\"><div class=\"BEtRj qeFVf TxLV0 gF-la\"><div><p id=\"viewer-omt5r137130\" class=\"dEt5S sjVPj nEzPS\"><span class=\"Q-E3F\"><a href=\"http:\/\/envidiaviajeradelamala.com\/en\/inicio\/continente-africa\/cabo-verde\/\">Cape Verde<\/a><br \/><\/span><a href=\"http:\/\/envidiaviajeradelamala.com\/en\/inicio\/continente-africa\/marruecos\/\">Morocco<\/a><\/p><\/div><\/div><\/div><\/div><\/div><\/div>\n\t\t\t\t\t<\/div><div class=\"eael-accordion-list\">\n\t\t\t\t\t<div id=\"amrica\" class=\"elementor-tab-title eael-accordion-header\" tabindex=\"0\" data-tab=\"4\" aria-controls=\"elementor-tab-content-2484\"><span class=\"eael-advanced-accordion-icon-closed\"><svg aria-hidden=\"true\" class=\"fa-accordion-icon e-font-icon-svg e-fas-plus\" viewbox=\"0 0 448 512\" xmlns=\"http:\/\/www.w3.org\/2000\/svg\"><path d=\"M416 208H272V64c0-17.67-14.33-32-32-32h-32c-17.67 0-32 14.33-32 32v144H32c-17.67 0-32 14.33-32 32v32c0 17.67 14.33 32 32 32h144v144c0 17.67 14.33 32 32 32h32c17.67 0 32-14.33 32-32V304h144c17.67 0 32-14.33 32-32v-32c0-17.67-14.33-32-32-32z\"><\/path><\/svg><\/span><span class=\"eael-advanced-accordion-icon-opened\"><svg aria-hidden=\"true\" class=\"fa-accordion-icon e-font-icon-svg e-fas-minus\" viewbox=\"0 0 448 512\" xmlns=\"http:\/\/www.w3.org\/2000\/svg\"><path d=\"M416 208H32c-17.67 0-32 14.33-32 32v32c0 17.67 14.33 32 32 32h384c17.67 0 32-14.33 32-32v-32c0-17.67-14.33-32-32-32z\"><\/path><\/svg><\/span><span class=\"eael-accordion-tab-title\">AMERICA<\/span><svg aria-hidden=\"true\" class=\"fa-toggle e-font-icon-svg e-fas-angle-right\" viewbox=\"0 0 256 512\" xmlns=\"http:\/\/www.w3.org\/2000\/svg\"><path d=\"M224.3 273l-136 136c-9.4 9.4-24.6 9.4-33.9 0l-22.6-22.6c-9.4-9.4-9.4-24.6 0-33.9l96.4-96.4-96.4-96.4c-9.4-9.4-9.4-24.6 0-33.9L54.3 103c9.4-9.4 24.6-9.4 33.9 0l136 136c9.5 9.4 9.5 24.6.1 34z\"><\/path><\/svg><\/div><div id=\"elementor-tab-content-2484\" class=\"eael-accordion-content clearfix\" data-tab=\"4\" aria-labelledby=\"amrica\"><div><div class=\"b0-7x -mg8Q\"><div class=\"iNZCQ\"><div class=\"BEtRj qeFVf TxLV0 gF-la\"><div><p id=\"viewer-af6tw141044\" class=\"dEt5S sjVPj nEzPS\"><span class=\"Q-E3F\"><a class=\"P1yHa TNgfP\" href=\"http:\/\/envidiaviajeradelamala.com\/en\/inicio\/continente-america\/bahamas\/\" target=\"_blank\" rel=\"noopener noreferrer\">Bahamas<\/a><br \/><\/span><a class=\"P1yHa TNgfP\" style=\"font-size: 16px;background-color: #ffffff\" href=\"http:\/\/envidiaviajeradelamala.com\/en\/inicio\/continente-america\/estados-unidos\/\" target=\"_blank\" rel=\"noopener noreferrer\">USA<\/a><br \/><a class=\"P1yHa TNgfP\" style=\"font-size: 16px;background-color: #ffffff\" href=\"http:\/\/envidiaviajeradelamala.com\/en\/inicio\/continente-america\/mexico\/\" target=\"_blank\" rel=\"noopener noreferrer\">M\u00e9jico<\/a><br \/><a class=\"P1yHa TNgfP\" style=\"font-size: 16px;background-color: #ffffff\" href=\"http:\/\/envidiaviajeradelamala.com\/en\/inicio\/continente-america\/republica-dominicana\/\" target=\"_blank\" rel=\"noopener noreferrer\">Dominican Republic<\/a><\/p><\/div><\/div><\/div><\/div><\/div><\/div>\n\t\t\t\t\t<\/div><\/div>\t\t\t\t<\/div>\n\t\t\t\t\t<\/div>\n\t\t\t\t<\/div>\n\t\t<div class=\"elementor-element elementor-element-bcaa165 e-flex e-con-boxed e-con e-parent\" data-id=\"bcaa165\" data-element_type=\"container\" data-e-type=\"container\">\n\t\t\t\t\t<div class=\"e-con-inner\">\n\t\t\t\t<div class=\"elementor-element elementor-element-cbdf375 elementor-widget elementor-widget-heading\" data-id=\"cbdf375\" data-element_type=\"widget\" data-e-type=\"widget\" data-widget_type=\"heading.default\">\n\t\t\t\t\t<h4 class=\"elementor-heading-title elementor-size-default\"><u>Gu\u00edas en preparaci\u00f3n:<\/u><\/h4>\t\t\t\t<\/div>\n\t\t\t\t<div class=\"elementor-element elementor-element-e6e41bb guia-prep elementor-widget elementor-widget-text-editor\" data-id=\"e6e41bb\" data-element_type=\"widget\" data-e-type=\"widget\" data-widget_type=\"text-editor.default\">\n\t\t\t\t\t\t\t\t\t<ul><li id=\"viewer-u12it10192\" class=\"dEt5S sjVPj J7otF nEzPS\"><span class=\"Q-E3F\" style=\"color: #000000;\">Amsterdam (Pa\u00edses Bajos)<\/span><\/li><li id=\"viewer-2g4ib85767\" class=\"dEt5S sjVPj J7otF nEzPS\"><span class=\"Q-E3F\" style=\"color: #000000;\">Zaanse Schans (Pa\u00edses Bajos)<\/span><\/li><li id=\"viewer-lbfzh86261\" class=\"dEt5S sjVPj J7otF nEzPS\"><span class=\"Q-E3F\" style=\"color: #000000;\">Edam (Pa\u00edses Bajos)<\/span><\/li><li id=\"viewer-olaci86758\" class=\"dEt5S sjVPj J7otF nEzPS\"><span class=\"Q-E3F\" style=\"color: #000000;\">Volendam (Pa\u00edses Bajos)<\/span><\/li><\/ul>\t\t\t\t\t\t\t\t<\/div>\n\t\t\t\t\t<\/div>\n\t\t\t\t<\/div>\n\t\t\t\t<\/div>","protected":false},"excerpt":{"rendered":"<p>Viajes hechos y pr\u00f3ximas gu\u00edas a subir: Gu\u00edas publicadas: EUROPA Alemania AndorraAustriaBulgariaEscociaEslovaquiaEspa\u00f1aFranciaGran Breta\u00f1aHungr\u00edaIrlandaItaliaMacedoniaNoruegaPa\u00edses BajosPoloniaPortugalRep\u00fablica ChecaSu\u00edza Turqu\u00eda \u00a0 ASIA Emiratos \u00c1rabes [&hellip;]<\/p>\n","protected":false},"author":1,"featured_media":2001,"parent":6,"menu_order":1,"comment_status":"closed","ping_status":"closed","template":"","meta":{"site-sidebar-layout":"default","site-content-layout":"","ast-site-content-layout":"default","site-content-style":"default","site-sidebar-style":"default","ast-global-header-display":"","ast-banner-title-visibility":"","ast-main-header-display":"","ast-hfb-above-header-display":"","ast-hfb-below-header-display":"","ast-hfb-mobile-header-display":"","site-post-title":"","ast-breadcrumbs-content":"","ast-featured-img":"","footer-sml-layout":"","ast-disable-related-posts":"","theme-transparent-header-meta":"","adv-header-id-meta":"","stick-header-meta":"","header-above-stick-meta":"","header-main-stick-meta":"","header-below-stick-meta":"","astra-migrate-meta-layouts":"default","ast-page-background-enabled":"default","ast-page-background-meta":{"desktop":{"background-color":"var(--ast-global-color-5)","background-image":"","background-repeat":"repeat","background-position":"center center","background-size":"auto","background-attachment":"scroll","background-type":"","background-media":"","overlay-type":"","overlay-color":"","overlay-opacity":"","overlay-gradient":""},"tablet":{"background-color":"","background-image":"","background-repeat":"repeat","background-position":"center center","background-size":"auto","background-attachment":"scroll","background-type":"","background-media":"","overlay-type":"","overlay-color":"","overlay-opacity":"","overlay-gradient":""},"mobile":{"background-color":"","background-image":"","background-repeat":"repeat","background-position":"center center","background-size":"auto","background-attachment":"scroll","background-type":"","background-media":"","overlay-type":"","overlay-color":"","overlay-opacity":"","overlay-gradient":""}},"ast-content-background-meta":{"desktop":{"background-color":"var(--ast-global-color-4)","background-image":"","background-repeat":"repeat","background-position":"center center","background-size":"auto","background-attachment":"scroll","background-type":"","background-media":"","overlay-type":"","overlay-color":"","overlay-opacity":"","overlay-gradient":""},"tablet":{"background-color":"var(--ast-global-color-4)","background-image":"","background-repeat":"repeat","background-position":"center center","background-size":"auto","background-attachment":"scroll","background-type":"","background-media":"","overlay-type":"","overlay-color":"","overlay-opacity":"","overlay-gradient":""},"mobile":{"background-color":"var(--ast-global-color-4)","background-image":"","background-repeat":"repeat","background-position":"center center","background-size":"auto","background-attachment":"scroll","background-type":"","background-media":"","overlay-type":"","overlay-color":"","overlay-opacity":"","overlay-gradient":""}},"advanced_seo_description":"","jetpack_seo_html_title":"","jetpack_seo_noindex":false,"footnotes":""},"class_list":["post-1993","page","type-page","status-publish","has-post-thumbnail","hentry"],"jetpack_sharing_enabled":true,"_links":{"self":[{"href":"https:\/\/envidiaviajeradelamala.com\/en\/wp-json\/wp\/v2\/pages\/1993","targetHints":{"allow":["GET"]}}],"collection":[{"href":"https:\/\/envidiaviajeradelamala.com\/en\/wp-json\/wp\/v2\/pages"}],"about":[{"href":"https:\/\/envidiaviajeradelamala.com\/en\/wp-json\/wp\/v2\/types\/page"}],"author":[{"embeddable":true,"href":"https:\/\/envidiaviajeradelamala.com\/en\/wp-json\/wp\/v2\/users\/1"}],"replies":[{"embeddable":true,"href":"https:\/\/envidiaviajeradelamala.com\/en\/wp-json\/wp\/v2\/comments?post=1993"}],"version-history":[{"count":0,"href":"https:\/\/envidiaviajeradelamala.com\/en\/wp-json\/wp\/v2\/pages\/1993\/revisions"}],"up":[{"embeddable":true,"href":"https:\/\/envidiaviajeradelamala.com\/en\/wp-json\/wp\/v2\/pages\/6"}],"wp:featuredmedia":[{"embeddable":true,"href":"https:\/\/envidiaviajeradelamala.com\/en\/wp-json\/wp\/v2\/media\/2001"}],"wp:attachment":[{"href":"https:\/\/envidiaviajeradelamala.com\/en\/wp-json\/wp\/v2\/media?parent=1993"}],"curies":[{"name":"wp","href":"https:\/\/api.w.org\/{rel}","templated":true}]}}